{"id":1397,"date":"2024-03-26T13:40:48","date_gmt":"2024-03-26T13:40:48","guid":{"rendered":"https:\/\/petit-a-petit.nl\/?page_id=1397"},"modified":"2026-03-04T10:27:50","modified_gmt":"2026-03-04T10:27:50","slug":"accommodaties","status":"publish","type":"page","link":"https:\/\/petit-a-petit.nl\/fr\/accommodaties\/","title":{"rendered":"H\u00e9bergements"},"content":{"rendered":"<div data-elementor-type=\"wp-page\" data-elementor-id=\"1397\" class=\"elementor elementor-1397\" data-elementor-post-type=\"page\">\n\t\t\t\t<div class=\"elementor-element elementor-element-77951cb5 e-flex e-con-boxed e-con e-parent\" data-id=\"77951cb5\" data-element_type=\"container\">\n\t\t\t\t\t<div class=\"e-con-inner\">\n\t\t<div class=\"elementor-element elementor-element-53f499ef e-con-full e-flex e-con e-child\" data-id=\"53f499ef\" data-element_type=\"container\">\n\t\t\t\t<div class=\"elementor-element elementor-element-f631580 elementor-nav-menu__align-right elementor-nav-menu--dropdown-none elementor-absolute ds-flags elementor-widget elementor-widget-global elementor-global-2556 elementor-widget-nav-menu\" data-id=\"f631580\" data-element_type=\"widget\" data-settings=\"{&quot;_position&quot;:&quot;absolute&quot;,&quot;layout&quot;:&quot;horizontal&quot;,&quot;submenu_icon&quot;:{&quot;value&quot;:&quot;fas fa-caret-down&quot;,&quot;library&quot;:&quot;fa-solid&quot;}}\" data-widget_type=\"nav-menu.default\">\n\t\t\t\t<div class=\"elementor-widget-container\">\n\t\t\t<link rel=\"stylesheet\" href=\"https:\/\/petit-a-petit.nl\/wp-content\/plugins\/elementor-pro\/assets\/css\/widget-nav-menu.min.css\">\t\t\t<nav class=\"elementor-nav-menu--main elementor-nav-menu__container elementor-nav-menu--layout-horizontal e--pointer-none\">\n\t\t\t\t<ul id=\"menu-1-f631580\" class=\"elementor-nav-menu\"><li class=\"trp-language-switcher-container menu-item menu-item-type-post_type menu-item-object-language_switcher menu-item-2493\"><a href=\"https:\/\/petit-a-petit.nl\/wp-json\/wp\/v2\/pages\/1397\/\" class=\"elementor-item elementor-item-anchor\"><span data-no-translation><img decoding=\"async\" class=\"trp-flag-image\" src=\"https:\/\/petit-a-petit.nl\/wp-content\/plugins\/translatepress-multilingual\/assets\/images\/flags\/nl_NL.png\" width=\"18\" height=\"12\" alt=\"nl_NL\" title=\"Nederlands\"><span class=\"trp-ls-language-name\">NL<\/span><\/span><\/a><\/li>\n<li class=\"trp-language-switcher-container menu-item menu-item-type-post_type menu-item-object-language_switcher menu-item-2491\"><a href=\"https:\/\/petit-a-petit.nl\/en\/wp-json\/wp\/v2\/pages\/1397\/\" class=\"elementor-item elementor-item-anchor\"><span data-no-translation><img decoding=\"async\" class=\"trp-flag-image\" src=\"https:\/\/petit-a-petit.nl\/wp-content\/plugins\/translatepress-multilingual\/assets\/images\/flags\/en_GB.png\" width=\"18\" height=\"12\" alt=\"en_GB\" title=\"English (UK)\"><span class=\"trp-ls-language-name\">EN<\/span><\/span><\/a><\/li>\n<li class=\"trp-language-switcher-container menu-item menu-item-type-post_type menu-item-object-language_switcher current-language-menu-item menu-item-2492\"><a href=\"https:\/\/petit-a-petit.nl\/fr\/wp-json\/wp\/v2\/pages\/1397\" class=\"elementor-item\"><span data-no-translation><img decoding=\"async\" class=\"trp-flag-image\" src=\"https:\/\/petit-a-petit.nl\/wp-content\/plugins\/translatepress-multilingual\/assets\/images\/flags\/fr_FR.png\" width=\"18\" height=\"12\" alt=\"fr_FR\" title=\"Fran\u00e7ais\"><span class=\"trp-ls-language-name\">FR<\/span><\/span><\/a><\/li>\n<\/ul>\t\t\t<\/nav>\n\t\t\t\t\t\t<nav class=\"elementor-nav-menu--dropdown elementor-nav-menu__container\" aria-hidden=\"true\">\n\t\t\t\t<ul id=\"menu-2-f631580\" class=\"elementor-nav-menu\"><li class=\"trp-language-switcher-container menu-item menu-item-type-post_type menu-item-object-language_switcher menu-item-2493\"><a href=\"https:\/\/petit-a-petit.nl\/wp-json\/wp\/v2\/pages\/1397\/\" class=\"elementor-item elementor-item-anchor\" tabindex=\"-1\"><span data-no-translation><img decoding=\"async\" class=\"trp-flag-image\" src=\"https:\/\/petit-a-petit.nl\/wp-content\/plugins\/translatepress-multilingual\/assets\/images\/flags\/nl_NL.png\" width=\"18\" height=\"12\" alt=\"nl_NL\" title=\"Nederlands\"><span class=\"trp-ls-language-name\">NL<\/span><\/span><\/a><\/li>\n<li class=\"trp-language-switcher-container menu-item menu-item-type-post_type menu-item-object-language_switcher menu-item-2491\"><a href=\"https:\/\/petit-a-petit.nl\/en\/wp-json\/wp\/v2\/pages\/1397\/\" class=\"elementor-item elementor-item-anchor\" tabindex=\"-1\"><span data-no-translation><img decoding=\"async\" class=\"trp-flag-image\" src=\"https:\/\/petit-a-petit.nl\/wp-content\/plugins\/translatepress-multilingual\/assets\/images\/flags\/en_GB.png\" width=\"18\" height=\"12\" alt=\"en_GB\" title=\"English (UK)\"><span class=\"trp-ls-language-name\">EN<\/span><\/span><\/a><\/li>\n<li class=\"trp-language-switcher-container menu-item menu-item-type-post_type menu-item-object-language_switcher current-language-menu-item menu-item-2492\"><a href=\"https:\/\/petit-a-petit.nl\/fr\/wp-json\/wp\/v2\/pages\/1397\" class=\"elementor-item\" tabindex=\"-1\"><span data-no-translation><img decoding=\"async\" class=\"trp-flag-image\" src=\"https:\/\/petit-a-petit.nl\/wp-content\/plugins\/translatepress-multilingual\/assets\/images\/flags\/fr_FR.png\" width=\"18\" height=\"12\" alt=\"fr_FR\" title=\"Fran\u00e7ais\"><span class=\"trp-ls-language-name\">FR<\/span><\/span><\/a><\/li>\n<\/ul>\t\t\t<\/nav>\n\t\t\t\t<\/div>\n\t\t\t\t<\/div>\n\t\t\t\t<div class=\"elementor-element elementor-element-11beed78 elementor-absolute elementor-widget elementor-widget-global elementor-global-1644 elementor-widget-image\" data-id=\"11beed78\" data-element_type=\"widget\" data-settings=\"{&quot;_position&quot;:&quot;absolute&quot;}\" data-widget_type=\"image.default\">\n\t\t\t\t<div class=\"elementor-widget-container\">\n\t\t\t<style>\/*! elementor - v3.21.0 - 18-04-2024 *\/\n.elementor-widget-image{text-align:center}.elementor-widget-image a{display:inline-block}.elementor-widget-image a img[src$=\".svg\"]{width:48px}.elementor-widget-image img{vertical-align:middle;display:inline-block}<\/style>\t\t\t\t\t\t\t\t\t\t\t<a href=\"https:\/\/petit-a-petit.nl\/fr\/\">\n\t\t\t\t\t\t\t<img decoding=\"async\" src=\"https:\/\/petit-a-petit.nl\/wp-content\/uploads\/elementor\/thumbs\/Petit-a-petit-logo-1-qlx7z4uph8k5x4kin5lprk42lifvqqrfoogt67ksjk.png\" title=\"Logo petit-\u00e0-petit\" alt=\"Petit-a-Petit\" loading=\"lazy\" \/>\t\t\t\t\t\t\t\t<\/a>\n\t\t\t\t\t\t\t\t\t\t\t\t\t<\/div>\n\t\t\t\t<\/div>\n\t\t\t\t<div class=\"elementor-element elementor-element-1ee2f269 elementor--v-position-top elementor-pagination-position-inside elementor-widget elementor-widget-global elementor-global-1152 elementor-widget-slides\" data-id=\"1ee2f269\" data-element_type=\"widget\" id=\"ds-cover-slider\" data-settings=\"{&quot;navigation&quot;:&quot;dots&quot;,&quot;autoplay&quot;:&quot;yes&quot;,&quot;pause_on_hover&quot;:&quot;yes&quot;,&quot;pause_on_interaction&quot;:&quot;yes&quot;,&quot;autoplay_speed&quot;:5000,&quot;infinite&quot;:&quot;yes&quot;,&quot;transition&quot;:&quot;slide&quot;,&quot;transition_speed&quot;:500}\" data-widget_type=\"slides.default\">\n\t\t\t\t<div class=\"elementor-widget-container\">\n\t\t\t<style>\/*! elementor-pro - v3.16.0 - 20-09-2023 *\/\n.elementor-slides .swiper-slide-bg{background-size:cover;background-position:50%;background-repeat:no-repeat;min-width:100%;min-height:100%}.elementor-slides .swiper-slide-inner{background-repeat:no-repeat;background-position:50%;position:absolute;top:0;left:0;bottom:0;right:0;padding:50px;margin:auto}.elementor-slides .swiper-slide-inner,.elementor-slides .swiper-slide-inner:hover{color:#fff;display:flex}.elementor-slides .swiper-slide-inner .elementor-background-overlay{position:absolute;z-index:0;top:0;bottom:0;left:0;right:0}.elementor-slides .swiper-slide-inner .elementor-slide-content{position:relative;z-index:1;width:100%}.elementor-slides .swiper-slide-inner .elementor-slide-heading{font-size:35px;font-weight:700;line-height:1}.elementor-slides .swiper-slide-inner .elementor-slide-description{font-size:17px;line-height:1.4}.elementor-slides .swiper-slide-inner .elementor-slide-description:not(:last-child),.elementor-slides .swiper-slide-inner .elementor-slide-heading:not(:last-child){margin-bottom:30px}.elementor-slides .swiper-slide-inner .elementor-slide-button{border:2px solid #fff;color:#fff;background:transparent;display:inline-block}.elementor-slides .swiper-slide-inner .elementor-slide-button,.elementor-slides .swiper-slide-inner .elementor-slide-button:hover{background:transparent;color:inherit;text-decoration:none}.elementor--v-position-top .swiper-slide-inner{align-items:flex-start}.elementor--v-position-bottom .swiper-slide-inner{align-items:flex-end}.elementor--v-position-middle .swiper-slide-inner{align-items:center}.elementor--h-position-left .swiper-slide-inner{justify-content:flex-start}.elementor--h-position-right .swiper-slide-inner{justify-content:flex-end}.elementor--h-position-center .swiper-slide-inner{justify-content:center}body.rtl .elementor-widget-slides .elementor-swiper-button-next{left:10px;right:auto}body.rtl .elementor-widget-slides .elementor-swiper-button-prev{right:10px;left:auto}.elementor-slides-wrapper div:not(.swiper-slide)>.swiper-slide-inner{display:none}@media (max-width:767px){.elementor-slides .swiper-slide-inner{padding:30px}.elementor-slides .swiper-slide-inner .elementor-slide-heading{font-size:23px;line-height:1;margin-bottom:15px}.elementor-slides .swiper-slide-inner .elementor-slide-description{font-size:13px;line-height:1.4;margin-bottom:15px}}<\/style>\t\t<div class=\"elementor-swiper\">\n\t\t\t<div class=\"elementor-slides-wrapper elementor-main-swiper swiper\" dir=\"ltr\" data-animation=\"\">\n\t\t\t\t<div class=\"swiper-wrapper elementor-slides\">\n\t\t\t\t\t\t\t\t\t\t<div class=\"elementor-repeater-item-b745f9d swiper-slide\"><div class=\"swiper-slide-bg\" role=\"img\"><\/div><a class=\"swiper-slide-inner\" href=\"https:\/\/petit-a-petit.nl\/fr\/accommodaties\/#main\"><div class=\"swiper-slide-contents\"><div class=\"elementor-slide-heading\">&#039;Tu as d\u00fb \u00eatre ici&#039;<\/div><div class=\"elementor-slide-description\">D\u00e9couvrez pourquoi cet endroit en Bourgogne est si g\u00e9nial ! Diff\u00e9rent de d&#039;habitude : s\u00e9jour dans un roulotte tzigane ou dans une tente Bell. Ce s\u00e9jour restera longtemps dans votre m\u00e9moire.<\/div><div  class=\"elementor-button elementor-slide-button elementor-size-sm\">cliquez et faites d\u00e9filer<\/div><\/div><\/a><\/div><div class=\"elementor-repeater-item-4630196 swiper-slide\"><div class=\"swiper-slide-bg\" role=\"img\"><\/div><a class=\"swiper-slide-inner\" href=\"https:\/\/petit-a-petit.nl\/fr\/over-ons\/#main\"><div class=\"swiper-slide-contents\"><div class=\"elementor-slide-heading\"><div style=\"text-align:right; padding-top:160px; padding-left:10%;\">\u00ab Un cadre magnifique, un accueil formidable \u00bb <\/div><\/div><div class=\"elementor-slide-description\">L&#039;attention personnelle est la priorit\u00e9 ici\u00a0!<\/div><div  class=\"elementor-button elementor-slide-button elementor-size-sm\">cliquez et faites d\u00e9filer<\/div><\/div><\/a><\/div><div class=\"elementor-repeater-item-69957a3 swiper-slide\"><div class=\"swiper-slide-bg\" role=\"img\"><\/div><a class=\"swiper-slide-inner\" href=\"https:\/\/petit-a-petit.nl\/fr\/pipowagen-bourgogne\/#main\"><div class=\"swiper-slide-contents\"><div class=\"elementor-slide-heading\">\u00ab\u00a0Quel endroit id\u00e9al pour se d\u00e9tendre\u00a0\u00bb<\/div><div class=\"elementor-slide-description\">Un petit-d\u00e9jeuner sur mesure et si vous le souhaitez vous pouvez nous rejoindre pour d\u00eener quelques fois par semaine. Soulager! Surtout si vous \u00eates de passage, c&#039;est merveilleux d&#039;avoir \u00e0 manger pr\u00eat le soir.<\/div><div  class=\"elementor-button elementor-slide-button elementor-size-sm\">cliquez et faites d\u00e9filer<\/div><\/div><\/a><\/div><div class=\"elementor-repeater-item-3984c67 swiper-slide\"><div class=\"swiper-slide-bg\" role=\"img\"><\/div><a class=\"swiper-slide-inner\" href=\"https:\/\/petit-a-petit.nl\/fr\/pipowagen-petit-a-petit\/#main\"><div class=\"swiper-slide-contents\"><div class=\"elementor-slide-heading\">&quot;Une roulotte suppl\u00e9mentaire, pour les enfants&quot;<\/div><div class=\"elementor-slide-description\">De la tente cloche au chariot tzigane ! Quelque chose pour tout le monde dans un cadre magnifique. Consultez nos h\u00e9bergements<\/div><div  class=\"elementor-button elementor-slide-button elementor-size-sm\">cliquez et faites d\u00e9filer<\/div><\/div><\/a><\/div>\t\t\t\t<\/div>\n\t\t\t\t\t\t\t\t\t\t\t\t\t\t\t<div class=\"swiper-pagination\"><\/div>\n\t\t\t\t\t\t\t\t\t\t\t\t\t\t\t\t\t<\/div>\n\t\t<\/div>\n\t\t\t\t<\/div>\n\t\t\t\t<\/div>\n\t\t\t\t<\/div>\n\t\t\t\t\t<\/div>\n\t\t\t\t<\/div>\n\t\t<div class=\"elementor-element elementor-element-f152704 e-flex e-con-boxed e-con e-parent\" data-id=\"f152704\" data-element_type=\"container\" id=\"main\">\n\t\t\t\t\t<div class=\"e-con-inner\">\n\t\t<div class=\"elementor-element elementor-element-ecb7634 e-con-full e-flex e-con e-child\" data-id=\"ecb7634\" data-element_type=\"container\">\n\t\t\t\t<div class=\"elementor-element elementor-element-279ec2c elementor-nav-menu__align-center elementor-nav-menu--dropdown-none ds-menu-left elementor-widget elementor-widget-global elementor-global-1164 elementor-widget-nav-menu\" data-id=\"279ec2c\" data-element_type=\"widget\" data-settings=\"{&quot;layout&quot;:&quot;horizontal&quot;,&quot;submenu_icon&quot;:{&quot;value&quot;:&quot;fas fa-caret-down&quot;,&quot;library&quot;:&quot;fa-solid&quot;}}\" data-widget_type=\"nav-menu.default\">\n\t\t\t\t<div class=\"elementor-widget-container\">\n\t\t\t\t\t\t<nav class=\"elementor-nav-menu--main elementor-nav-menu__container elementor-nav-menu--layout-horizontal e--pointer-none\">\n\t\t\t\t<ul id=\"menu-1-279ec2c\" class=\"elementor-nav-menu\"><li class=\"menu-item menu-item-type-post_type menu-item-object-page menu-item-1423\"><a href=\"https:\/\/petit-a-petit.nl\/fr\/accommodaties\/\" class=\"elementor-item\">H\u00e9bergements<\/a><\/li>\n<li class=\"menu-item menu-item-type-post_type menu-item-object-page menu-item-1422\"><a href=\"https:\/\/petit-a-petit.nl\/fr\/prijzen\/\" class=\"elementor-item\">Des prix<\/a><\/li>\n<li class=\"menu-item menu-item-type-post_type menu-item-object-page menu-item-1420\"><a href=\"https:\/\/petit-a-petit.nl\/fr\/omgeving\/\" class=\"elementor-item\">Alentours<\/a><\/li>\n<li class=\"menu-item menu-item-type-post_type menu-item-object-page menu-item-2809\"><a href=\"https:\/\/petit-a-petit.nl\/fr\/arrangementen\/\" class=\"elementor-item\">Arrangementen<\/a><\/li>\n<li class=\"menu-item menu-item-type-post_type menu-item-object-page menu-item-1421\"><a href=\"https:\/\/petit-a-petit.nl\/fr\/reserveren\/\" class=\"elementor-item\">R\u00e9server<\/a><\/li>\n<li class=\"menu-item menu-item-type-post_type menu-item-object-page menu-item-1427\"><a href=\"https:\/\/petit-a-petit.nl\/fr\/fotoalbum\/\" class=\"elementor-item\">album photo<\/a><\/li>\n<li class=\"menu-item menu-item-type-post_type menu-item-object-page menu-item-1426\"><a href=\"https:\/\/petit-a-petit.nl\/fr\/over-ons\/\" class=\"elementor-item\">\u00c0 propos de nous<\/a><\/li>\n<li class=\"menu-item menu-item-type-post_type menu-item-object-page menu-item-1604\"><a href=\"https:\/\/petit-a-petit.nl\/fr\/contact\/\" class=\"elementor-item\">Contact<\/a><\/li>\n<\/ul>\t\t\t<\/nav>\n\t\t\t\t\t\t<nav class=\"elementor-nav-menu--dropdown elementor-nav-menu__container\" aria-hidden=\"true\">\n\t\t\t\t<ul id=\"menu-2-279ec2c\" class=\"elementor-nav-menu\"><li class=\"menu-item menu-item-type-post_type menu-item-object-page menu-item-1423\"><a href=\"https:\/\/petit-a-petit.nl\/fr\/accommodaties\/\" class=\"elementor-item\" tabindex=\"-1\">H\u00e9bergements<\/a><\/li>\n<li class=\"menu-item menu-item-type-post_type menu-item-object-page menu-item-1422\"><a href=\"https:\/\/petit-a-petit.nl\/fr\/prijzen\/\" class=\"elementor-item\" tabindex=\"-1\">Des prix<\/a><\/li>\n<li class=\"menu-item menu-item-type-post_type menu-item-object-page menu-item-1420\"><a href=\"https:\/\/petit-a-petit.nl\/fr\/omgeving\/\" class=\"elementor-item\" tabindex=\"-1\">Alentours<\/a><\/li>\n<li class=\"menu-item menu-item-type-post_type menu-item-object-page menu-item-2809\"><a href=\"https:\/\/petit-a-petit.nl\/fr\/arrangementen\/\" class=\"elementor-item\" tabindex=\"-1\">Arrangementen<\/a><\/li>\n<li class=\"menu-item menu-item-type-post_type menu-item-object-page menu-item-1421\"><a href=\"https:\/\/petit-a-petit.nl\/fr\/reserveren\/\" class=\"elementor-item\" tabindex=\"-1\">R\u00e9server<\/a><\/li>\n<li class=\"menu-item menu-item-type-post_type menu-item-object-page menu-item-1427\"><a href=\"https:\/\/petit-a-petit.nl\/fr\/fotoalbum\/\" class=\"elementor-item\" tabindex=\"-1\">album photo<\/a><\/li>\n<li class=\"menu-item menu-item-type-post_type menu-item-object-page menu-item-1426\"><a href=\"https:\/\/petit-a-petit.nl\/fr\/over-ons\/\" class=\"elementor-item\" tabindex=\"-1\">\u00c0 propos de nous<\/a><\/li>\n<li class=\"menu-item menu-item-type-post_type menu-item-object-page menu-item-1604\"><a href=\"https:\/\/petit-a-petit.nl\/fr\/contact\/\" class=\"elementor-item\" tabindex=\"-1\">Contact<\/a><\/li>\n<\/ul>\t\t\t<\/nav>\n\t\t\t\t<\/div>\n\t\t\t\t<\/div>\n\t\t\t\t<\/div>\n\t\t<div class=\"elementor-element elementor-element-40b2141 e-con-full e-flex e-con e-child\" data-id=\"40b2141\" data-element_type=\"container\">\n\t\t<div class=\"elementor-element elementor-element-c9f584f e-flex e-con-boxed e-con e-child\" data-id=\"c9f584f\" data-element_type=\"container\">\n\t\t\t\t\t<div class=\"e-con-inner\">\n\t\t\t\t<div class=\"elementor-element elementor-element-daa9bd2 elementor-align-justify elementor-widget elementor-widget-button\" data-id=\"daa9bd2\" data-element_type=\"widget\" data-widget_type=\"button.default\">\n\t\t\t\t<div class=\"elementor-widget-container\">\n\t\t\t\t\t<div class=\"elementor-button-wrapper\">\n\t\t\t<a class=\"elementor-button elementor-button-link elementor-size-sm\" href=\"https:\/\/petit-a-petit.nl\/fr\/belltenten\/\">\n\t\t\t\t\t\t<span class=\"elementor-button-content-wrapper\">\n\t\t\t\t\t\t\t\t\t<span class=\"elementor-button-text\">Tentes cloches<\/span>\n\t\t\t\t\t<\/span>\n\t\t\t\t\t<\/a>\n\t\t<\/div>\n\t\t\t\t<\/div>\n\t\t\t\t<\/div>\n\t\t\t\t<div class=\"elementor-element elementor-element-7d27a1b elementor-widget elementor-widget-button\" data-id=\"7d27a1b\" data-element_type=\"widget\" data-widget_type=\"button.default\">\n\t\t\t\t<div class=\"elementor-widget-container\">\n\t\t\t\t\t<div class=\"elementor-button-wrapper\">\n\t\t\t<a class=\"elementor-button elementor-button-link elementor-size-sm\" href=\"https:\/\/petit-a-petit.nl\/fr\/pipowagen-bourgogne\/\">\n\t\t\t\t\t\t<span class=\"elementor-button-content-wrapper\">\n\t\t\t\t\t\t\t\t\t<span class=\"elementor-button-text\">Roulotte gitane Bourgogne<\/span>\n\t\t\t\t\t<\/span>\n\t\t\t\t\t<\/a>\n\t\t<\/div>\n\t\t\t\t<\/div>\n\t\t\t\t<\/div>\n\t\t\t\t<div class=\"elementor-element elementor-element-42b9d81 elementor-widget elementor-widget-button\" data-id=\"42b9d81\" data-element_type=\"widget\" data-widget_type=\"button.default\">\n\t\t\t\t<div class=\"elementor-widget-container\">\n\t\t\t\t\t<div class=\"elementor-button-wrapper\">\n\t\t\t<a class=\"elementor-button elementor-button-link elementor-size-sm\" href=\"https:\/\/petit-a-petit.nl\/fr\/pipowagen-petit-a-petit\/\">\n\t\t\t\t\t\t<span class=\"elementor-button-content-wrapper\">\n\t\t\t\t\t\t\t\t\t<span class=\"elementor-button-text\">Roulotte Petit \u00e0 Petit<\/span>\n\t\t\t\t\t<\/span>\n\t\t\t\t\t<\/a>\n\t\t<\/div>\n\t\t\t\t<\/div>\n\t\t\t\t<\/div>\n\t\t\t\t\t<\/div>\n\t\t\t\t<\/div>\n\t\t\t\t<div class=\"elementor-element elementor-element-92937bd elementor-widget elementor-widget-text-editor\" data-id=\"92937bd\" data-element_type=\"widget\" data-widget_type=\"text-editor.default\">\n\t\t\t\t<div class=\"elementor-widget-container\">\n\t\t\t<style>\/*! elementor - v3.21.0 - 18-04-2024 *\/\n.elementor-widget-text-editor.elementor-drop-cap-view-stacked .elementor-drop-cap{background-color:#69727d;color:#fff}.elementor-widget-text-editor.elementor-drop-cap-view-framed .elementor-drop-cap{color:#69727d;border:3px solid;background-color:transparent}.elementor-widget-text-editor:not(.elementor-drop-cap-view-default) .elementor-drop-cap{margin-top:8px}.elementor-widget-text-editor:not(.elementor-drop-cap-view-default) .elementor-drop-cap-letter{width:1em;height:1em}.elementor-widget-text-editor .elementor-drop-cap{float:left;text-align:center;line-height:1;font-size:50px}.elementor-widget-text-editor .elementor-drop-cap-letter{display:inline-block}<\/style>\t\t\t\t<p><span style=\"vertical-align: inherit;\"><span style=\"vertical-align: inherit;\"><span style=\"vertical-align: inherit;\"><span style=\"vertical-align: inherit;\"><span style=\"vertical-align: inherit;\"><span style=\"vertical-align: inherit;\"><span style=\"vertical-align: inherit;\"><span style=\"vertical-align: inherit;\">Notre petit h\u00e9bergement avec 2 roulottes et 2 tentes cloches am\u00e9nag\u00e9es est situ\u00e9 dans le petit hameau de La Vesvre-de-Saisy, entre Beaune et Autun.<\/span><\/span><\/span><\/span><\/span><\/span><\/span><\/span><\/p><p><span style=\"vertical-align: inherit;\"><span style=\"vertical-align: inherit;\"><span style=\"vertical-align: inherit;\"><span style=\"vertical-align: inherit;\"><span style=\"vertical-align: inherit;\"><span style=\"vertical-align: inherit;\"><span style=\"vertical-align: inherit;\"><span style=\"vertical-align: inherit;\">Petit \u00e0 Petit est situ\u00e9 dans un lieu unique en Bourgogne. Depuis les roulottes, vous avez une belle vue sur les collines et au loin se trouve le village d&#039;Epinac.<\/span><\/span><\/span><\/span><\/span><\/span><\/span><\/span><\/p><p><span style=\"vertical-align: inherit;\"><span style=\"vertical-align: inherit;\"><span style=\"vertical-align: inherit;\"><span style=\"vertical-align: inherit;\"><span style=\"vertical-align: inherit;\"><span style=\"vertical-align: inherit;\"><span style=\"vertical-align: inherit;\"><span style=\"vertical-align: inherit;\">Les roulottes et les tentes Bell sont confortables et d\u00e9cor\u00e9es avec go\u00fbt. Sur la terrasse priv\u00e9e, vous pourrez profiter du calme et de la tranquillit\u00e9 avec un livre et un bon verre de vin de la r\u00e9gion.<\/span><\/span><\/span><\/span><\/span><\/span><\/span><\/span><\/p><p><span style=\"vertical-align: inherit;\"><span style=\"vertical-align: inherit;\"><span style=\"vertical-align: inherit;\"><span style=\"vertical-align: inherit;\"><span style=\"vertical-align: inherit;\"><span style=\"vertical-align: inherit;\"><span style=\"vertical-align: inherit;\"><span style=\"vertical-align: inherit;\">Op doorreis naar het zuiden? Ook voor 1 nachtje ben je van harte welkom! Petit \u00e0 Petit ligt dicht bij de Route du Soleil. Na een lange autorit is het goed toeven op deze bijzondere plek.<\/span><\/span><\/span><\/span><\/span><\/span><\/span><\/span><span style=\"vertical-align: inherit;\"><span style=\"vertical-align: inherit;\"><span style=\"vertical-align: inherit;\"><span style=\"vertical-align: inherit;\"><span style=\"vertical-align: inherit;\"><span style=\"vertical-align: inherit;\"><span style=\"vertical-align: inherit;\"><span style=\"vertical-align: inherit;\"> Op verzoek verzorgen we de volgende ochtend een heerlijk uitgebreid ontbijt.<\/span><\/span><\/span><\/span><\/span><\/span><\/span><\/span><span style=\"vertical-align: inherit;\"><span style=\"vertical-align: inherit;\"><span style=\"vertical-align: inherit;\"><span style=\"vertical-align: inherit;\"><span style=\"vertical-align: inherit;\"><span style=\"vertical-align: inherit;\"><span style=\"vertical-align: inherit;\"><span style=\"vertical-align: inherit;\">\u00a0Ontzorgen!<\/span><\/span><\/span><\/span><\/span><\/span><\/span><\/span><\/p>\t\t\t\t\t\t<\/div>\n\t\t\t\t<\/div>\n\t\t\t\t<\/div>\n\t\t\t\t\t<\/div>\n\t\t\t\t<\/div>\n\t\t\t\t<\/div>","protected":false},"excerpt":{"rendered":"<p>&#8216;Hier moet je zijn geweest&#8217;Ontdek waarom deze plek in de Bourgogne zo geweldig is! Anders dan anders: logeren in een pipowagen of in een Belltent. Dit verblijf zal nog lang in jullie geheugen blijven.click &#038; scroll\u2018Prachtige omgeving, geweldige ontvangst\u2019 Persoonlijke aandacht staat hier op nummer \u00e9\u00e9n!click &#038; scroll\u2018Wat een geweldige plek om tot rust te [&hellip;]<\/p>","protected":false},"author":1,"featured_media":0,"parent":0,"menu_order":0,"comment_status":"closed","ping_status":"closed","template":"","meta":{"footnotes":""},"class_list":["post-1397","page","type-page","status-publish","hentry"],"_links":{"self":[{"href":"https:\/\/petit-a-petit.nl\/fr\/wp-json\/wp\/v2\/pages\/1397","targetHints":{"allow":["GET"]}}],"collection":[{"href":"https:\/\/petit-a-petit.nl\/fr\/wp-json\/wp\/v2\/pages"}],"about":[{"href":"https:\/\/petit-a-petit.nl\/fr\/wp-json\/wp\/v2\/types\/page"}],"author":[{"embeddable":true,"href":"https:\/\/petit-a-petit.nl\/fr\/wp-json\/wp\/v2\/users\/1"}],"replies":[{"embeddable":true,"href":"https:\/\/petit-a-petit.nl\/fr\/wp-json\/wp\/v2\/comments?post=1397"}],"version-history":[{"count":148,"href":"https:\/\/petit-a-petit.nl\/fr\/wp-json\/wp\/v2\/pages\/1397\/revisions"}],"predecessor-version":[{"id":3004,"href":"https:\/\/petit-a-petit.nl\/fr\/wp-json\/wp\/v2\/pages\/1397\/revisions\/3004"}],"wp:attachment":[{"href":"https:\/\/petit-a-petit.nl\/fr\/wp-json\/wp\/v2\/media?parent=1397"}],"curies":[{"name":"wp","href":"https:\/\/api.w.org\/{rel}","templated":true}]}}