{"id":1559,"date":"2024-03-26T18:32:27","date_gmt":"2024-03-26T18:32:27","guid":{"rendered":"https:\/\/petit-a-petit.nl\/?page_id=1559"},"modified":"2024-05-13T18:00:53","modified_gmt":"2024-05-13T18:00:53","slug":"algemene-voorwaarden","status":"publish","type":"page","link":"https:\/\/petit-a-petit.nl\/fr\/algemene-voorwaarden\/","title":{"rendered":"Termes et conditions"},"content":{"rendered":"<div data-elementor-type=\"wp-page\" data-elementor-id=\"1559\" class=\"elementor elementor-1559\" data-elementor-post-type=\"page\">\n\t\t\t\t<div class=\"elementor-element elementor-element-d0ae5d1 e-flex e-con-boxed e-con e-parent\" data-id=\"d0ae5d1\" data-element_type=\"container\" data-settings=\"{&quot;background_background&quot;:&quot;classic&quot;}\">\n\t\t\t\t\t<div class=\"e-con-inner\">\n\t\t<div class=\"elementor-element elementor-element-56755ac e-con-full e-flex e-con e-child\" data-id=\"56755ac\" data-element_type=\"container\">\n\t\t\t\t<div class=\"elementor-element elementor-element-4a62524 elementor-widget elementor-widget-image\" data-id=\"4a62524\" data-element_type=\"widget\" data-widget_type=\"image.default\">\n\t\t\t\t<div class=\"elementor-widget-container\">\n\t\t\t<style>\/*! elementor - v3.21.0 - 18-04-2024 *\/\n.elementor-widget-image{text-align:center}.elementor-widget-image a{display:inline-block}.elementor-widget-image a img[src$=\".svg\"]{width:48px}.elementor-widget-image img{vertical-align:middle;display:inline-block}<\/style>\t\t\t\t\t\t\t\t\t\t<img decoding=\"async\" src=\"https:\/\/petit-a-petit.nl\/wp-content\/uploads\/elementor\/thumbs\/Petit-a-petit-logo-1-qlx7z4unj2hvcbijkw7udtyoxrp9vxma9t4jbyt8hs.png\" title=\"Logo petit-\u00e0-petit\" alt=\"Petit-a-Petit\" loading=\"lazy\" \/>\t\t\t\t\t\t\t\t\t\t\t\t\t<\/div>\n\t\t\t\t<\/div>\n\t\t\t\t<\/div>\n\t\t<div class=\"elementor-element elementor-element-1104a12 e-con-full e-flex e-con e-child\" data-id=\"1104a12\" data-element_type=\"container\">\n\t\t\t\t<div class=\"elementor-element elementor-element-5bce1e3 elementor-widget elementor-widget-heading\" data-id=\"5bce1e3\" data-element_type=\"widget\" data-widget_type=\"heading.default\">\n\t\t\t\t<div class=\"elementor-widget-container\">\n\t\t\t<style>\/*! elementor - v3.21.0 - 18-04-2024 *\/\n.elementor-heading-title{padding:0;margin:0;line-height:1}.elementor-widget-heading .elementor-heading-title[class*=elementor-size-]>a{color:inherit;font-size:inherit;line-height:inherit}.elementor-widget-heading .elementor-heading-title.elementor-size-small{font-size:15px}.elementor-widget-heading .elementor-heading-title.elementor-size-medium{font-size:19px}.elementor-widget-heading .elementor-heading-title.elementor-size-large{font-size:29px}.elementor-widget-heading .elementor-heading-title.elementor-size-xl{font-size:39px}.elementor-widget-heading .elementor-heading-title.elementor-size-xxl{font-size:59px}<\/style><h2 class=\"elementor-heading-title elementor-size-default\">Termes et conditions<\/h2>\t\t<\/div>\n\t\t\t\t<\/div>\n\t\t\t\t<div class=\"elementor-element elementor-element-b1c0def elementor-nav-menu__align-right elementor-nav-menu--dropdown-none elementor-absolute ds-flags elementor-widget elementor-widget-global elementor-global-2556 elementor-widget-nav-menu\" data-id=\"b1c0def\" data-element_type=\"widget\" data-settings=\"{&quot;_position&quot;:&quot;absolute&quot;,&quot;layout&quot;:&quot;horizontal&quot;,&quot;submenu_icon&quot;:{&quot;value&quot;:&quot;fas fa-caret-down&quot;,&quot;library&quot;:&quot;fa-solid&quot;}}\" data-widget_type=\"nav-menu.default\">\n\t\t\t\t<div class=\"elementor-widget-container\">\n\t\t\t<link rel=\"stylesheet\" href=\"https:\/\/petit-a-petit.nl\/wp-content\/plugins\/elementor-pro\/assets\/css\/widget-nav-menu.min.css\">\t\t\t<nav class=\"elementor-nav-menu--main elementor-nav-menu__container elementor-nav-menu--layout-horizontal e--pointer-none\">\n\t\t\t\t<ul id=\"menu-1-b1c0def\" class=\"elementor-nav-menu\"><li class=\"trp-language-switcher-container menu-item menu-item-type-post_type menu-item-object-language_switcher menu-item-2493\"><a href=\"https:\/\/petit-a-petit.nl\/wp-json\/wp\/v2\/pages\/1559\/\" class=\"elementor-item elementor-item-anchor\"><span data-no-translation><img decoding=\"async\" class=\"trp-flag-image\" src=\"https:\/\/petit-a-petit.nl\/wp-content\/plugins\/translatepress-multilingual\/assets\/images\/flags\/nl_NL.png\" width=\"18\" height=\"12\" alt=\"nl_NL\" title=\"Nederlands\"><span class=\"trp-ls-language-name\">NL<\/span><\/span><\/a><\/li>\n<li class=\"trp-language-switcher-container menu-item menu-item-type-post_type menu-item-object-language_switcher menu-item-2491\"><a href=\"https:\/\/petit-a-petit.nl\/en\/wp-json\/wp\/v2\/pages\/1559\/\" class=\"elementor-item elementor-item-anchor\"><span data-no-translation><img decoding=\"async\" class=\"trp-flag-image\" src=\"https:\/\/petit-a-petit.nl\/wp-content\/plugins\/translatepress-multilingual\/assets\/images\/flags\/en_GB.png\" width=\"18\" height=\"12\" alt=\"en_GB\" title=\"English (UK)\"><span class=\"trp-ls-language-name\">EN<\/span><\/span><\/a><\/li>\n<li class=\"trp-language-switcher-container menu-item menu-item-type-post_type menu-item-object-language_switcher current-language-menu-item menu-item-2492\"><a href=\"https:\/\/petit-a-petit.nl\/fr\/wp-json\/wp\/v2\/pages\/1559\" class=\"elementor-item\"><span data-no-translation><img decoding=\"async\" class=\"trp-flag-image\" src=\"https:\/\/petit-a-petit.nl\/wp-content\/plugins\/translatepress-multilingual\/assets\/images\/flags\/fr_FR.png\" width=\"18\" height=\"12\" alt=\"fr_FR\" title=\"Fran\u00e7ais\"><span class=\"trp-ls-language-name\">FR<\/span><\/span><\/a><\/li>\n<\/ul>\t\t\t<\/nav>\n\t\t\t\t\t\t<nav class=\"elementor-nav-menu--dropdown elementor-nav-menu__container\" aria-hidden=\"true\">\n\t\t\t\t<ul id=\"menu-2-b1c0def\" class=\"elementor-nav-menu\"><li class=\"trp-language-switcher-container menu-item menu-item-type-post_type menu-item-object-language_switcher menu-item-2493\"><a href=\"https:\/\/petit-a-petit.nl\/wp-json\/wp\/v2\/pages\/1559\/\" class=\"elementor-item elementor-item-anchor\" tabindex=\"-1\"><span data-no-translation><img decoding=\"async\" class=\"trp-flag-image\" src=\"https:\/\/petit-a-petit.nl\/wp-content\/plugins\/translatepress-multilingual\/assets\/images\/flags\/nl_NL.png\" width=\"18\" height=\"12\" alt=\"nl_NL\" title=\"Nederlands\"><span class=\"trp-ls-language-name\">NL<\/span><\/span><\/a><\/li>\n<li class=\"trp-language-switcher-container menu-item menu-item-type-post_type menu-item-object-language_switcher menu-item-2491\"><a href=\"https:\/\/petit-a-petit.nl\/en\/wp-json\/wp\/v2\/pages\/1559\/\" class=\"elementor-item elementor-item-anchor\" tabindex=\"-1\"><span data-no-translation><img decoding=\"async\" class=\"trp-flag-image\" src=\"https:\/\/petit-a-petit.nl\/wp-content\/plugins\/translatepress-multilingual\/assets\/images\/flags\/en_GB.png\" width=\"18\" height=\"12\" alt=\"en_GB\" title=\"English (UK)\"><span class=\"trp-ls-language-name\">EN<\/span><\/span><\/a><\/li>\n<li class=\"trp-language-switcher-container menu-item menu-item-type-post_type menu-item-object-language_switcher current-language-menu-item menu-item-2492\"><a href=\"https:\/\/petit-a-petit.nl\/fr\/wp-json\/wp\/v2\/pages\/1559\" class=\"elementor-item\" tabindex=\"-1\"><span data-no-translation><img decoding=\"async\" class=\"trp-flag-image\" src=\"https:\/\/petit-a-petit.nl\/wp-content\/plugins\/translatepress-multilingual\/assets\/images\/flags\/fr_FR.png\" width=\"18\" height=\"12\" alt=\"fr_FR\" title=\"Fran\u00e7ais\"><span class=\"trp-ls-language-name\">FR<\/span><\/span><\/a><\/li>\n<\/ul>\t\t\t<\/nav>\n\t\t\t\t<\/div>\n\t\t\t\t<\/div>\n\t\t\t\t<\/div>\n\t\t\t\t\t<\/div>\n\t\t\t\t<\/div>\n\t\t<div class=\"elementor-element elementor-element-36438a8 e-flex e-con-boxed e-con e-parent\" data-id=\"36438a8\" data-element_type=\"container\" id=\"main\">\n\t\t\t\t\t<div class=\"e-con-inner\">\n\t\t<div class=\"elementor-element elementor-element-4f3b4e75 e-con-full e-flex e-con e-child\" data-id=\"4f3b4e75\" data-element_type=\"container\">\n\t\t\t\t<div class=\"elementor-element elementor-element-68314eeb elementor-nav-menu__align-center elementor-nav-menu--dropdown-none ds-menu-left elementor-widget elementor-widget-global elementor-global-1164 elementor-widget-nav-menu\" data-id=\"68314eeb\" data-element_type=\"widget\" data-settings=\"{&quot;layout&quot;:&quot;horizontal&quot;,&quot;submenu_icon&quot;:{&quot;value&quot;:&quot;fas fa-caret-down&quot;,&quot;library&quot;:&quot;fa-solid&quot;}}\" data-widget_type=\"nav-menu.default\">\n\t\t\t\t<div class=\"elementor-widget-container\">\n\t\t\t\t\t\t<nav class=\"elementor-nav-menu--main elementor-nav-menu__container elementor-nav-menu--layout-horizontal e--pointer-none\">\n\t\t\t\t<ul id=\"menu-1-68314eeb\" class=\"elementor-nav-menu\"><li class=\"menu-item menu-item-type-post_type menu-item-object-page menu-item-1423\"><a href=\"https:\/\/petit-a-petit.nl\/fr\/accommodaties\/\" class=\"elementor-item\">H\u00e9bergements<\/a><\/li>\n<li class=\"menu-item menu-item-type-post_type menu-item-object-page menu-item-1422\"><a href=\"https:\/\/petit-a-petit.nl\/fr\/prijzen\/\" class=\"elementor-item\">Des prix<\/a><\/li>\n<li class=\"menu-item menu-item-type-post_type menu-item-object-page menu-item-1420\"><a href=\"https:\/\/petit-a-petit.nl\/fr\/omgeving\/\" class=\"elementor-item\">Alentours<\/a><\/li>\n<li class=\"menu-item menu-item-type-post_type menu-item-object-page menu-item-2809\"><a href=\"https:\/\/petit-a-petit.nl\/fr\/arrangementen\/\" class=\"elementor-item\">Arrangementen<\/a><\/li>\n<li class=\"menu-item menu-item-type-post_type menu-item-object-page menu-item-1421\"><a href=\"https:\/\/petit-a-petit.nl\/fr\/reserveren\/\" class=\"elementor-item\">R\u00e9server<\/a><\/li>\n<li class=\"menu-item menu-item-type-post_type menu-item-object-page menu-item-1427\"><a href=\"https:\/\/petit-a-petit.nl\/fr\/fotoalbum\/\" class=\"elementor-item\">album photo<\/a><\/li>\n<li class=\"menu-item menu-item-type-post_type menu-item-object-page menu-item-1426\"><a href=\"https:\/\/petit-a-petit.nl\/fr\/over-ons\/\" class=\"elementor-item\">\u00c0 propos de nous<\/a><\/li>\n<li class=\"menu-item menu-item-type-post_type menu-item-object-page menu-item-1604\"><a href=\"https:\/\/petit-a-petit.nl\/fr\/contact\/\" class=\"elementor-item\">Contact<\/a><\/li>\n<\/ul>\t\t\t<\/nav>\n\t\t\t\t\t\t<nav class=\"elementor-nav-menu--dropdown elementor-nav-menu__container\" aria-hidden=\"true\">\n\t\t\t\t<ul id=\"menu-2-68314eeb\" class=\"elementor-nav-menu\"><li class=\"menu-item menu-item-type-post_type menu-item-object-page menu-item-1423\"><a href=\"https:\/\/petit-a-petit.nl\/fr\/accommodaties\/\" class=\"elementor-item\" tabindex=\"-1\">H\u00e9bergements<\/a><\/li>\n<li class=\"menu-item menu-item-type-post_type menu-item-object-page menu-item-1422\"><a href=\"https:\/\/petit-a-petit.nl\/fr\/prijzen\/\" class=\"elementor-item\" tabindex=\"-1\">Des prix<\/a><\/li>\n<li class=\"menu-item menu-item-type-post_type menu-item-object-page menu-item-1420\"><a href=\"https:\/\/petit-a-petit.nl\/fr\/omgeving\/\" class=\"elementor-item\" tabindex=\"-1\">Alentours<\/a><\/li>\n<li class=\"menu-item menu-item-type-post_type menu-item-object-page menu-item-2809\"><a href=\"https:\/\/petit-a-petit.nl\/fr\/arrangementen\/\" class=\"elementor-item\" tabindex=\"-1\">Arrangementen<\/a><\/li>\n<li class=\"menu-item menu-item-type-post_type menu-item-object-page menu-item-1421\"><a href=\"https:\/\/petit-a-petit.nl\/fr\/reserveren\/\" class=\"elementor-item\" tabindex=\"-1\">R\u00e9server<\/a><\/li>\n<li class=\"menu-item menu-item-type-post_type menu-item-object-page menu-item-1427\"><a href=\"https:\/\/petit-a-petit.nl\/fr\/fotoalbum\/\" class=\"elementor-item\" tabindex=\"-1\">album photo<\/a><\/li>\n<li class=\"menu-item menu-item-type-post_type menu-item-object-page menu-item-1426\"><a href=\"https:\/\/petit-a-petit.nl\/fr\/over-ons\/\" class=\"elementor-item\" tabindex=\"-1\">\u00c0 propos de nous<\/a><\/li>\n<li class=\"menu-item menu-item-type-post_type menu-item-object-page menu-item-1604\"><a href=\"https:\/\/petit-a-petit.nl\/fr\/contact\/\" class=\"elementor-item\" tabindex=\"-1\">Contact<\/a><\/li>\n<\/ul>\t\t\t<\/nav>\n\t\t\t\t<\/div>\n\t\t\t\t<\/div>\n\t\t\t\t<\/div>\n\t\t<div class=\"elementor-element elementor-element-75d5d76a e-con-full e-flex e-con e-child\" data-id=\"75d5d76a\" data-element_type=\"container\">\n\t\t\t\t<div class=\"elementor-element elementor-element-4f82b303 elementor-widget elementor-widget-text-editor\" data-id=\"4f82b303\" data-element_type=\"widget\" data-widget_type=\"text-editor.default\">\n\t\t\t\t<div class=\"elementor-widget-container\">\n\t\t\t<style>\/*! elementor - v3.21.0 - 18-04-2024 *\/\n.elementor-widget-text-editor.elementor-drop-cap-view-stacked .elementor-drop-cap{background-color:#69727d;color:#fff}.elementor-widget-text-editor.elementor-drop-cap-view-framed .elementor-drop-cap{color:#69727d;border:3px solid;background-color:transparent}.elementor-widget-text-editor:not(.elementor-drop-cap-view-default) .elementor-drop-cap{margin-top:8px}.elementor-widget-text-editor:not(.elementor-drop-cap-view-default) .elementor-drop-cap-letter{width:1em;height:1em}.elementor-widget-text-editor .elementor-drop-cap{float:left;text-align:center;line-height:1;font-size:50px}.elementor-widget-text-editor .elementor-drop-cap-letter{display:inline-block}<\/style>\t\t\t\t<header class=\"entry-header\"><h1 class=\"entry-title\">Termes et conditions<\/h1><\/header><div class=\"entry-content\"><ol><li><em>Arriv\u00e9e tous les jours : 16h00 \u2013 21h00, d\u00e9part : 7h00 \u2013 <\/em><em>10h.<\/em><\/li><li><em>Apr\u00e8s la r\u00e9servation, vous recevrez une confirmation. La caution s&#039;\u00e9l\u00e8ve \u00e0 50% du montant de la location. (montant total) Votre r\u00e9servation ne sera d\u00e9finitive qu&#039;une fois l&#039;acompte re\u00e7u.<\/em><\/li><li><em>Le montant restant du loyer et du nettoyage final doit \u00eatre pay\u00e9 \u00e0 l&#039;arriv\u00e9e.<\/em><\/li><li><em>Vous pouvez annuler sans frais jusqu&#039;\u00e0 14h00 le jour de votre arriv\u00e9e. Si vous annulez apr\u00e8s 14h00 le jour de votre arriv\u00e9e, le prix de la premi\u00e8re nuit vous sera factur\u00e9.<\/em><\/li><li><em>En cas de non-pr\u00e9sentation, le prix total de la r\u00e9servation sera factur\u00e9.<\/em><\/li><li><em>Il est recommand\u00e9 de souscrire vous-m\u00eame une assurance annulation.<\/em><\/li><li><em>Petit \u00e0 Petit n&#039;est en aucun cas responsable si quelque chose se passe sur place ou dans les logements.<\/em><\/li><li><em>R.<\/em><em>Il est interdit de fumer dans les roulottes et les tentes Bell.<\/em><\/li><li>Les animaux ne sont pas les bienvenus dans les locaux.<\/li><\/ol><\/div>\t\t\t\t\t\t<\/div>\n\t\t\t\t<\/div>\n\t\t\t\t<\/div>\n\t\t\t\t\t<\/div>\n\t\t\t\t<\/div>\n\t\t\t\t<\/div>","protected":false},"excerpt":{"rendered":"<p>Conditions g\u00e9n\u00e9rales Conditions g\u00e9n\u00e9rales Arriv\u00e9e tous les jours : 16h00 - 21h00, d\u00e9part : 7h00 - 10h00. Apr\u00e8s la r\u00e9servation, vous recevrez une confirmation. La caution s&#039;\u00e9l\u00e8ve \u00e0 50% du montant de la location. (montant total) Votre r\u00e9servation ne sera d\u00e9finitive qu&#039;une fois l&#039;acompte re\u00e7u. Le montant restant du loyer et du nettoyage final doit \u00eatre pay\u00e9 \u00e0 l&#039;arriv\u00e9e. Tu peux [\u2026]<\/p>","protected":false},"author":1,"featured_media":0,"parent":0,"menu_order":0,"comment_status":"closed","ping_status":"closed","template":"","meta":{"footnotes":""},"class_list":["post-1559","page","type-page","status-publish","hentry"],"_links":{"self":[{"href":"https:\/\/petit-a-petit.nl\/fr\/wp-json\/wp\/v2\/pages\/1559","targetHints":{"allow":["GET"]}}],"collection":[{"href":"https:\/\/petit-a-petit.nl\/fr\/wp-json\/wp\/v2\/pages"}],"about":[{"href":"https:\/\/petit-a-petit.nl\/fr\/wp-json\/wp\/v2\/types\/page"}],"author":[{"embeddable":true,"href":"https:\/\/petit-a-petit.nl\/fr\/wp-json\/wp\/v2\/users\/1"}],"replies":[{"embeddable":true,"href":"https:\/\/petit-a-petit.nl\/fr\/wp-json\/wp\/v2\/comments?post=1559"}],"version-history":[{"count":46,"href":"https:\/\/petit-a-petit.nl\/fr\/wp-json\/wp\/v2\/pages\/1559\/revisions"}],"predecessor-version":[{"id":2589,"href":"https:\/\/petit-a-petit.nl\/fr\/wp-json\/wp\/v2\/pages\/1559\/revisions\/2589"}],"wp:attachment":[{"href":"https:\/\/petit-a-petit.nl\/fr\/wp-json\/wp\/v2\/media?parent=1559"}],"curies":[{"name":"wp","href":"https:\/\/api.w.org\/{rel}","templated":true}]}}