{"id":2803,"date":"2025-05-17T19:28:33","date_gmt":"2025-05-17T19:28:33","guid":{"rendered":"https:\/\/petit-a-petit.nl\/?page_id=2803"},"modified":"2025-05-17T21:46:53","modified_gmt":"2025-05-17T21:46:53","slug":"arrangementen","status":"publish","type":"page","link":"https:\/\/petit-a-petit.nl\/fr\/arrangementen\/","title":{"rendered":"Arrangementen"},"content":{"rendered":"<div data-elementor-type=\"wp-page\" data-elementor-id=\"2803\" class=\"elementor elementor-2803\" data-elementor-post-type=\"page\">\n\t\t\t\t<div class=\"elementor-element elementor-element-5428a597 e-flex e-con-boxed e-con e-parent\" data-id=\"5428a597\" data-element_type=\"container\">\n\t\t\t\t\t<div class=\"e-con-inner\">\n\t\t<div class=\"elementor-element elementor-element-a0fb5f8 e-con-full e-flex e-con e-child\" data-id=\"a0fb5f8\" data-element_type=\"container\">\n\t\t\t\t<div class=\"elementor-element elementor-element-2af7770c elementor-nav-menu__align-right elementor-nav-menu--dropdown-none elementor-absolute ds-flags elementor-widget elementor-widget-nav-menu\" data-id=\"2af7770c\" data-element_type=\"widget\" data-settings=\"{&quot;_position&quot;:&quot;absolute&quot;,&quot;layout&quot;:&quot;horizontal&quot;,&quot;submenu_icon&quot;:{&quot;value&quot;:&quot;&lt;svg class=\\&quot;e-font-icon-svg e-fas-caret-down\\&quot; viewBox=\\&quot;0 0 320 512\\&quot; xmlns=\\&quot;http:\\\/\\\/www.w3.org\\\/2000\\\/svg\\&quot;&gt;&lt;path d=\\&quot;M31.3 192h257.3c17.8 0 26.7 21.5 14.1 34.1L174.1 354.8c-7.8 7.8-20.5 7.8-28.3 0L17.2 226.1C4.6 213.5 13.5 192 31.3 192z\\&quot;&gt;&lt;\\\/path&gt;&lt;\\\/svg&gt;&quot;,&quot;library&quot;:&quot;fa-solid&quot;}}\" data-widget_type=\"nav-menu.default\">\n\t\t\t\t<div class=\"elementor-widget-container\">\n\t\t\t<link rel=\"stylesheet\" href=\"https:\/\/petit-a-petit.nl\/wp-content\/plugins\/elementor-pro\/assets\/css\/widget-nav-menu.min.css\">\t\t\t<nav class=\"elementor-nav-menu--main elementor-nav-menu__container elementor-nav-menu--layout-horizontal e--pointer-none\">\n\t\t\t\t<ul id=\"menu-1-2af7770c\" class=\"elementor-nav-menu\"><li class=\"trp-language-switcher-container menu-item menu-item-type-post_type menu-item-object-language_switcher menu-item-2493\"><a href=\"https:\/\/petit-a-petit.nl\/wp-json\/wp\/v2\/pages\/2803\/\" class=\"elementor-item elementor-item-anchor\"><span data-no-translation><img decoding=\"async\" class=\"trp-flag-image\" src=\"https:\/\/petit-a-petit.nl\/wp-content\/plugins\/translatepress-multilingual\/assets\/images\/flags\/nl_NL.png\" width=\"18\" height=\"12\" alt=\"nl_NL\" title=\"Nederlands\"><span class=\"trp-ls-language-name\">NL<\/span><\/span><\/a><\/li>\n<li class=\"trp-language-switcher-container menu-item menu-item-type-post_type menu-item-object-language_switcher menu-item-2491\"><a href=\"https:\/\/petit-a-petit.nl\/en\/wp-json\/wp\/v2\/pages\/2803\/\" class=\"elementor-item elementor-item-anchor\"><span data-no-translation><img decoding=\"async\" class=\"trp-flag-image\" src=\"https:\/\/petit-a-petit.nl\/wp-content\/plugins\/translatepress-multilingual\/assets\/images\/flags\/en_GB.png\" width=\"18\" height=\"12\" alt=\"en_GB\" title=\"English (UK)\"><span class=\"trp-ls-language-name\">EN<\/span><\/span><\/a><\/li>\n<li class=\"trp-language-switcher-container menu-item menu-item-type-post_type menu-item-object-language_switcher current-language-menu-item menu-item-2492\"><a href=\"https:\/\/petit-a-petit.nl\/fr\/wp-json\/wp\/v2\/pages\/2803\" class=\"elementor-item\"><span data-no-translation><img decoding=\"async\" class=\"trp-flag-image\" src=\"https:\/\/petit-a-petit.nl\/wp-content\/plugins\/translatepress-multilingual\/assets\/images\/flags\/fr_FR.png\" width=\"18\" height=\"12\" alt=\"fr_FR\" title=\"Fran\u00e7ais\"><span class=\"trp-ls-language-name\">FR<\/span><\/span><\/a><\/li>\n<\/ul>\t\t\t<\/nav>\n\t\t\t\t\t\t<nav class=\"elementor-nav-menu--dropdown elementor-nav-menu__container\" aria-hidden=\"true\">\n\t\t\t\t<ul id=\"menu-2-2af7770c\" class=\"elementor-nav-menu\"><li class=\"trp-language-switcher-container menu-item menu-item-type-post_type menu-item-object-language_switcher menu-item-2493\"><a href=\"https:\/\/petit-a-petit.nl\/wp-json\/wp\/v2\/pages\/2803\/\" class=\"elementor-item elementor-item-anchor\" tabindex=\"-1\"><span data-no-translation><img decoding=\"async\" class=\"trp-flag-image\" src=\"https:\/\/petit-a-petit.nl\/wp-content\/plugins\/translatepress-multilingual\/assets\/images\/flags\/nl_NL.png\" width=\"18\" height=\"12\" alt=\"nl_NL\" title=\"Nederlands\"><span class=\"trp-ls-language-name\">NL<\/span><\/span><\/a><\/li>\n<li class=\"trp-language-switcher-container menu-item menu-item-type-post_type menu-item-object-language_switcher menu-item-2491\"><a href=\"https:\/\/petit-a-petit.nl\/en\/wp-json\/wp\/v2\/pages\/2803\/\" class=\"elementor-item elementor-item-anchor\" tabindex=\"-1\"><span data-no-translation><img decoding=\"async\" class=\"trp-flag-image\" src=\"https:\/\/petit-a-petit.nl\/wp-content\/plugins\/translatepress-multilingual\/assets\/images\/flags\/en_GB.png\" width=\"18\" height=\"12\" alt=\"en_GB\" title=\"English (UK)\"><span class=\"trp-ls-language-name\">EN<\/span><\/span><\/a><\/li>\n<li class=\"trp-language-switcher-container menu-item menu-item-type-post_type menu-item-object-language_switcher current-language-menu-item menu-item-2492\"><a href=\"https:\/\/petit-a-petit.nl\/fr\/wp-json\/wp\/v2\/pages\/2803\" class=\"elementor-item\" tabindex=\"-1\"><span data-no-translation><img decoding=\"async\" class=\"trp-flag-image\" src=\"https:\/\/petit-a-petit.nl\/wp-content\/plugins\/translatepress-multilingual\/assets\/images\/flags\/fr_FR.png\" width=\"18\" height=\"12\" alt=\"fr_FR\" title=\"Fran\u00e7ais\"><span class=\"trp-ls-language-name\">FR<\/span><\/span><\/a><\/li>\n<\/ul>\t\t\t<\/nav>\n\t\t\t\t<\/div>\n\t\t\t\t<\/div>\n\t\t\t\t<div class=\"elementor-element elementor-element-46daccff elementor-absolute elementor-widget elementor-widget-global elementor-global-1644 elementor-widget-image\" data-id=\"46daccff\" data-element_type=\"widget\" data-settings=\"{&quot;_position&quot;:&quot;absolute&quot;}\" data-widget_type=\"image.default\">\n\t\t\t\t<div class=\"elementor-widget-container\">\n\t\t\t<style>\/*! elementor - v3.21.0 - 18-04-2024 *\/\n.elementor-widget-image{text-align:center}.elementor-widget-image a{display:inline-block}.elementor-widget-image a img[src$=\".svg\"]{width:48px}.elementor-widget-image img{vertical-align:middle;display:inline-block}<\/style>\t\t\t\t\t\t\t\t\t\t\t<a href=\"https:\/\/petit-a-petit.nl\/fr\/\">\n\t\t\t\t\t\t\t<img decoding=\"async\" src=\"https:\/\/petit-a-petit.nl\/wp-content\/uploads\/elementor\/thumbs\/Petit-a-petit-logo-1-qlx7z4uph8k5x4kin5lprk42lifvqqrfoogt67ksjk.png\" title=\"Logo petit-\u00e0-petit\" alt=\"Petit-a-Petit\" loading=\"lazy\" \/>\t\t\t\t\t\t\t\t<\/a>\n\t\t\t\t\t\t\t\t\t\t\t\t\t<\/div>\n\t\t\t\t<\/div>\n\t\t\t\t<div class=\"elementor-element elementor-element-6c556033 elementor--v-position-top elementor-pagination-position-inside elementor-widget elementor-widget-global elementor-global-1152 elementor-widget-slides\" data-id=\"6c556033\" data-element_type=\"widget\" id=\"ds-cover-slider\" data-settings=\"{&quot;navigation&quot;:&quot;dots&quot;,&quot;autoplay&quot;:&quot;yes&quot;,&quot;pause_on_hover&quot;:&quot;yes&quot;,&quot;pause_on_interaction&quot;:&quot;yes&quot;,&quot;autoplay_speed&quot;:5000,&quot;infinite&quot;:&quot;yes&quot;,&quot;transition&quot;:&quot;slide&quot;,&quot;transition_speed&quot;:500}\" data-widget_type=\"slides.default\">\n\t\t\t\t<div class=\"elementor-widget-container\">\n\t\t\t<style>\/*! elementor-pro - v3.16.0 - 20-09-2023 *\/\n.elementor-slides .swiper-slide-bg{background-size:cover;background-position:50%;background-repeat:no-repeat;min-width:100%;min-height:100%}.elementor-slides .swiper-slide-inner{background-repeat:no-repeat;background-position:50%;position:absolute;top:0;left:0;bottom:0;right:0;padding:50px;margin:auto}.elementor-slides .swiper-slide-inner,.elementor-slides .swiper-slide-inner:hover{color:#fff;display:flex}.elementor-slides .swiper-slide-inner .elementor-background-overlay{position:absolute;z-index:0;top:0;bottom:0;left:0;right:0}.elementor-slides .swiper-slide-inner .elementor-slide-content{position:relative;z-index:1;width:100%}.elementor-slides .swiper-slide-inner .elementor-slide-heading{font-size:35px;font-weight:700;line-height:1}.elementor-slides .swiper-slide-inner .elementor-slide-description{font-size:17px;line-height:1.4}.elementor-slides .swiper-slide-inner .elementor-slide-description:not(:last-child),.elementor-slides .swiper-slide-inner .elementor-slide-heading:not(:last-child){margin-bottom:30px}.elementor-slides .swiper-slide-inner .elementor-slide-button{border:2px solid #fff;color:#fff;background:transparent;display:inline-block}.elementor-slides .swiper-slide-inner .elementor-slide-button,.elementor-slides .swiper-slide-inner .elementor-slide-button:hover{background:transparent;color:inherit;text-decoration:none}.elementor--v-position-top .swiper-slide-inner{align-items:flex-start}.elementor--v-position-bottom .swiper-slide-inner{align-items:flex-end}.elementor--v-position-middle .swiper-slide-inner{align-items:center}.elementor--h-position-left .swiper-slide-inner{justify-content:flex-start}.elementor--h-position-right .swiper-slide-inner{justify-content:flex-end}.elementor--h-position-center .swiper-slide-inner{justify-content:center}body.rtl .elementor-widget-slides .elementor-swiper-button-next{left:10px;right:auto}body.rtl .elementor-widget-slides .elementor-swiper-button-prev{right:10px;left:auto}.elementor-slides-wrapper div:not(.swiper-slide)>.swiper-slide-inner{display:none}@media (max-width:767px){.elementor-slides .swiper-slide-inner{padding:30px}.elementor-slides .swiper-slide-inner .elementor-slide-heading{font-size:23px;line-height:1;margin-bottom:15px}.elementor-slides .swiper-slide-inner .elementor-slide-description{font-size:13px;line-height:1.4;margin-bottom:15px}}<\/style>\t\t<div class=\"elementor-swiper\">\n\t\t\t<div class=\"elementor-slides-wrapper elementor-main-swiper swiper\" dir=\"ltr\" data-animation=\"\">\n\t\t\t\t<div class=\"swiper-wrapper elementor-slides\">\n\t\t\t\t\t\t\t\t\t\t<div class=\"elementor-repeater-item-b745f9d swiper-slide\"><div class=\"swiper-slide-bg\" role=\"img\"><\/div><a class=\"swiper-slide-inner\" href=\"https:\/\/petit-a-petit.nl\/fr\/accommodaties\/#main\"><div class=\"swiper-slide-contents\"><div class=\"elementor-slide-heading\">&#039;Tu as d\u00fb \u00eatre ici&#039;<\/div><div class=\"elementor-slide-description\">D\u00e9couvrez pourquoi cet endroit en Bourgogne est si g\u00e9nial ! Diff\u00e9rent de d&#039;habitude : s\u00e9jour dans un roulotte tzigane ou dans une tente Bell. Ce s\u00e9jour restera longtemps dans votre m\u00e9moire.<\/div><div  class=\"elementor-button elementor-slide-button elementor-size-sm\">cliquez et faites d\u00e9filer<\/div><\/div><\/a><\/div><div class=\"elementor-repeater-item-4630196 swiper-slide\"><div class=\"swiper-slide-bg\" role=\"img\"><\/div><a class=\"swiper-slide-inner\" href=\"https:\/\/petit-a-petit.nl\/fr\/over-ons\/#main\"><div class=\"swiper-slide-contents\"><div class=\"elementor-slide-heading\"><div style=\"text-align:right; padding-top:160px; padding-left:10%;\">\u00ab Un cadre magnifique, un accueil formidable \u00bb <\/div><\/div><div class=\"elementor-slide-description\">L&#039;attention personnelle est la priorit\u00e9 ici\u00a0!<\/div><div  class=\"elementor-button elementor-slide-button elementor-size-sm\">cliquez et faites d\u00e9filer<\/div><\/div><\/a><\/div><div class=\"elementor-repeater-item-69957a3 swiper-slide\"><div class=\"swiper-slide-bg\" role=\"img\"><\/div><a class=\"swiper-slide-inner\" href=\"https:\/\/petit-a-petit.nl\/fr\/pipowagen-bourgogne\/#main\"><div class=\"swiper-slide-contents\"><div class=\"elementor-slide-heading\">\u00ab\u00a0Quel endroit id\u00e9al pour se d\u00e9tendre\u00a0\u00bb<\/div><div class=\"elementor-slide-description\">Un petit-d\u00e9jeuner sur mesure et si vous le souhaitez vous pouvez nous rejoindre pour d\u00eener quelques fois par semaine. Soulager! Surtout si vous \u00eates de passage, c&#039;est merveilleux d&#039;avoir \u00e0 manger pr\u00eat le soir.<\/div><div  class=\"elementor-button elementor-slide-button elementor-size-sm\">cliquez et faites d\u00e9filer<\/div><\/div><\/a><\/div><div class=\"elementor-repeater-item-3984c67 swiper-slide\"><div class=\"swiper-slide-bg\" role=\"img\"><\/div><a class=\"swiper-slide-inner\" href=\"https:\/\/petit-a-petit.nl\/fr\/pipowagen-petit-a-petit\/#main\"><div class=\"swiper-slide-contents\"><div class=\"elementor-slide-heading\">&quot;Une roulotte suppl\u00e9mentaire, pour les enfants&quot;<\/div><div class=\"elementor-slide-description\">De la tente cloche au chariot tzigane ! Quelque chose pour tout le monde dans un cadre magnifique. Consultez nos h\u00e9bergements<\/div><div  class=\"elementor-button elementor-slide-button elementor-size-sm\">cliquez et faites d\u00e9filer<\/div><\/div><\/a><\/div>\t\t\t\t<\/div>\n\t\t\t\t\t\t\t\t\t\t\t\t\t\t\t<div class=\"swiper-pagination\"><\/div>\n\t\t\t\t\t\t\t\t\t\t\t\t\t\t\t\t\t<\/div>\n\t\t<\/div>\n\t\t\t\t<\/div>\n\t\t\t\t<\/div>\n\t\t\t\t<\/div>\n\t\t\t\t\t<\/div>\n\t\t\t\t<\/div>\n\t\t<div class=\"elementor-element elementor-element-526ea8c e-flex e-con-boxed e-con e-parent\" data-id=\"526ea8c\" data-element_type=\"container\">\n\t\t\t\t\t<div class=\"e-con-inner\">\n\t\t<div class=\"elementor-element elementor-element-971c61a e-con-full e-flex e-con e-child\" data-id=\"971c61a\" data-element_type=\"container\">\n\t\t\t\t<div class=\"elementor-element elementor-element-d783622 elementor-nav-menu__align-center elementor-nav-menu--dropdown-none ds-menu-left elementor-widget elementor-widget-global elementor-global-1164 elementor-widget-nav-menu\" data-id=\"d783622\" data-element_type=\"widget\" data-settings=\"{&quot;layout&quot;:&quot;horizontal&quot;,&quot;submenu_icon&quot;:{&quot;value&quot;:&quot;fas fa-caret-down&quot;,&quot;library&quot;:&quot;fa-solid&quot;}}\" data-widget_type=\"nav-menu.default\">\n\t\t\t\t<div class=\"elementor-widget-container\">\n\t\t\t\t\t\t<nav class=\"elementor-nav-menu--main elementor-nav-menu__container elementor-nav-menu--layout-horizontal e--pointer-none\">\n\t\t\t\t<ul id=\"menu-1-d783622\" class=\"elementor-nav-menu\"><li class=\"menu-item menu-item-type-post_type menu-item-object-page menu-item-1423\"><a href=\"https:\/\/petit-a-petit.nl\/fr\/accommodaties\/\" class=\"elementor-item\">H\u00e9bergements<\/a><\/li>\n<li class=\"menu-item menu-item-type-post_type menu-item-object-page menu-item-1422\"><a href=\"https:\/\/petit-a-petit.nl\/fr\/prijzen\/\" class=\"elementor-item\">Des prix<\/a><\/li>\n<li class=\"menu-item menu-item-type-post_type menu-item-object-page menu-item-1420\"><a href=\"https:\/\/petit-a-petit.nl\/fr\/omgeving\/\" class=\"elementor-item\">Alentours<\/a><\/li>\n<li class=\"menu-item menu-item-type-post_type menu-item-object-page menu-item-2809\"><a href=\"https:\/\/petit-a-petit.nl\/fr\/arrangementen\/\" class=\"elementor-item\">Arrangementen<\/a><\/li>\n<li class=\"menu-item menu-item-type-post_type menu-item-object-page menu-item-1421\"><a href=\"https:\/\/petit-a-petit.nl\/fr\/reserveren\/\" class=\"elementor-item\">R\u00e9server<\/a><\/li>\n<li class=\"menu-item menu-item-type-post_type menu-item-object-page menu-item-1427\"><a href=\"https:\/\/petit-a-petit.nl\/fr\/fotoalbum\/\" class=\"elementor-item\">album photo<\/a><\/li>\n<li class=\"menu-item menu-item-type-post_type menu-item-object-page menu-item-1426\"><a href=\"https:\/\/petit-a-petit.nl\/fr\/over-ons\/\" class=\"elementor-item\">\u00c0 propos de nous<\/a><\/li>\n<li class=\"menu-item menu-item-type-post_type menu-item-object-page menu-item-1604\"><a href=\"https:\/\/petit-a-petit.nl\/fr\/contact\/\" class=\"elementor-item\">Contact<\/a><\/li>\n<\/ul>\t\t\t<\/nav>\n\t\t\t\t\t\t<nav class=\"elementor-nav-menu--dropdown elementor-nav-menu__container\" aria-hidden=\"true\">\n\t\t\t\t<ul id=\"menu-2-d783622\" class=\"elementor-nav-menu\"><li class=\"menu-item menu-item-type-post_type menu-item-object-page menu-item-1423\"><a href=\"https:\/\/petit-a-petit.nl\/fr\/accommodaties\/\" class=\"elementor-item\" tabindex=\"-1\">H\u00e9bergements<\/a><\/li>\n<li class=\"menu-item menu-item-type-post_type menu-item-object-page menu-item-1422\"><a href=\"https:\/\/petit-a-petit.nl\/fr\/prijzen\/\" class=\"elementor-item\" tabindex=\"-1\">Des prix<\/a><\/li>\n<li class=\"menu-item menu-item-type-post_type menu-item-object-page menu-item-1420\"><a href=\"https:\/\/petit-a-petit.nl\/fr\/omgeving\/\" class=\"elementor-item\" tabindex=\"-1\">Alentours<\/a><\/li>\n<li class=\"menu-item menu-item-type-post_type menu-item-object-page menu-item-2809\"><a href=\"https:\/\/petit-a-petit.nl\/fr\/arrangementen\/\" class=\"elementor-item\" tabindex=\"-1\">Arrangementen<\/a><\/li>\n<li class=\"menu-item menu-item-type-post_type menu-item-object-page menu-item-1421\"><a href=\"https:\/\/petit-a-petit.nl\/fr\/reserveren\/\" class=\"elementor-item\" tabindex=\"-1\">R\u00e9server<\/a><\/li>\n<li class=\"menu-item menu-item-type-post_type menu-item-object-page menu-item-1427\"><a href=\"https:\/\/petit-a-petit.nl\/fr\/fotoalbum\/\" class=\"elementor-item\" tabindex=\"-1\">album photo<\/a><\/li>\n<li class=\"menu-item menu-item-type-post_type menu-item-object-page menu-item-1426\"><a href=\"https:\/\/petit-a-petit.nl\/fr\/over-ons\/\" class=\"elementor-item\" tabindex=\"-1\">\u00c0 propos de nous<\/a><\/li>\n<li class=\"menu-item menu-item-type-post_type menu-item-object-page menu-item-1604\"><a href=\"https:\/\/petit-a-petit.nl\/fr\/contact\/\" class=\"elementor-item\" tabindex=\"-1\">Contact<\/a><\/li>\n<\/ul>\t\t\t<\/nav>\n\t\t\t\t<\/div>\n\t\t\t\t<\/div>\n\t\t\t\t<\/div>\n\t\t<div class=\"elementor-element elementor-element-31f608e e-con-full e-flex e-con e-child\" data-id=\"31f608e\" data-element_type=\"container\">\n\t\t<div class=\"elementor-element elementor-element-c87e865 e-con-full e-flex e-con e-child\" data-id=\"c87e865\" data-element_type=\"container\" data-settings=\"{&quot;background_background&quot;:&quot;classic&quot;}\">\n\t\t\t\t<div class=\"elementor-element elementor-element-f230841 elementor-widget elementor-widget-text-editor\" data-id=\"f230841\" data-element_type=\"widget\" data-widget_type=\"text-editor.default\">\n\t\t\t\t<div class=\"elementor-widget-container\">\n\t\t\t<style>\/*! elementor - v3.21.0 - 18-04-2024 *\/\n.elementor-widget-text-editor.elementor-drop-cap-view-stacked .elementor-drop-cap{background-color:#69727d;color:#fff}.elementor-widget-text-editor.elementor-drop-cap-view-framed .elementor-drop-cap{color:#69727d;border:3px solid;background-color:transparent}.elementor-widget-text-editor:not(.elementor-drop-cap-view-default) .elementor-drop-cap{margin-top:8px}.elementor-widget-text-editor:not(.elementor-drop-cap-view-default) .elementor-drop-cap-letter{width:1em;height:1em}.elementor-widget-text-editor .elementor-drop-cap{float:left;text-align:center;line-height:1;font-size:50px}.elementor-widget-text-editor .elementor-drop-cap-letter{display:inline-block}<\/style>\t\t\t\t<h2 class=\"\" data-start=\"181\" data-end=\"197\">Arrangementen<\/h2><p class=\"\" data-start=\"199\" data-end=\"406\">We bieden verschillende compleet verzorgde wandel- of fietsarrangementen aan voor 2 personen.<\/p><p data-start=\"199\" data-end=\"406\">3 of 4 nachten slapen in een pipowagen of Belltent, 2 of 3 dagen wandelen of fietsen en volop genieten van alles wat de prachtige Bourgogne te bieden heeft.<\/p><p data-start=\"199\" data-end=\"406\">Neem eigen fietsen mee en ontvang van ons mooi uitgezette fiets- en wandelroutes in gpx -formaat en een overzichtelijke geprinte versie.<\/p><p data-start=\"199\" data-end=\"406\">De arrangementen zijn inclusief een uitgebreid ontbijt, een lunchpakket voor onderweg en bij thuiskomst staat het eten &#8217;s avonds klaar. Ontzorgen, \u00e9cht onbezorgd vakantie vieren!<\/p><p data-start=\"199\" data-end=\"406\">Bekijk de verschillende mogelijkheden. Wil je graag voor 1 persoon boeken of juist met meer dan 2 personen, heb je vragen of wil je reserveren? Mail of bel ons:<\/p><p data-start=\"199\" data-end=\"406\">info@petit-a-petit.nl\u00a0 +31655194690 \/ +33744514701<\/p><p data-start=\"199\" data-end=\"406\">\u00a0<\/p>\t\t\t\t\t\t<\/div>\n\t\t\t\t<\/div>\n\t\t\t\t<\/div>\n\t\t\t\t<div class=\"elementor-element elementor-element-36c2321 elementor-widget elementor-widget-image-carousel\" data-id=\"36c2321\" data-element_type=\"widget\" data-settings=\"{&quot;slides_to_show&quot;:&quot;1&quot;,&quot;navigation&quot;:&quot;none&quot;,&quot;autoplay&quot;:&quot;yes&quot;,&quot;pause_on_hover&quot;:&quot;yes&quot;,&quot;pause_on_interaction&quot;:&quot;yes&quot;,&quot;autoplay_speed&quot;:5000,&quot;infinite&quot;:&quot;yes&quot;,&quot;effect&quot;:&quot;slide&quot;,&quot;speed&quot;:500}\" data-widget_type=\"image-carousel.default\">\n\t\t\t\t<div class=\"elementor-widget-container\">\n\t\t\t<style>\/*! elementor - v3.21.0 - 18-04-2024 *\/\n.elementor-widget-image-carousel .swiper,.elementor-widget-image-carousel .swiper-container{position:static}.elementor-widget-image-carousel .swiper-container .swiper-slide figure,.elementor-widget-image-carousel .swiper .swiper-slide figure{line-height:inherit}.elementor-widget-image-carousel .swiper-slide{text-align:center}.elementor-image-carousel-wrapper:not(.swiper-container-initialized):not(.swiper-initialized) .swiper-slide{max-width:calc(100% \/ var(--e-image-carousel-slides-to-show, 3))}<\/style>\t\t<div class=\"elementor-image-carousel-wrapper swiper\" dir=\"ltr\">\n\t\t\t<div class=\"elementor-image-carousel swiper-wrapper\" aria-live=\"off\">\n\t\t\t\t\t\t\t\t<div class=\"swiper-slide\" role=\"group\" aria-roledescription=\"slide\" aria-label=\"1 \u00e0 4\"><figure class=\"swiper-slide-inner\"><img decoding=\"async\" class=\"swiper-slide-image\" src=\"https:\/\/petit-a-petit.nl\/wp-content\/uploads\/2025\/05\/Arrangement-1-Belltent-3-ovn-def-768x432.jpg\" alt=\"Arrangement 1 Belltent 3 ovn def\" \/><\/figure><\/div><div class=\"swiper-slide\" role=\"group\" aria-roledescription=\"slide\" aria-label=\"2 sur 4\"><figure class=\"swiper-slide-inner\"><img decoding=\"async\" class=\"swiper-slide-image\" src=\"https:\/\/petit-a-petit.nl\/wp-content\/uploads\/2025\/05\/Arrangement-2-pipowagen-3-ovn-def-768x432.jpg\" alt=\"Arrangement 2 pipowagen 3 ovn def\" \/><\/figure><\/div><div class=\"swiper-slide\" role=\"group\" aria-roledescription=\"slide\" aria-label=\"3 sur 4\"><figure class=\"swiper-slide-inner\"><img decoding=\"async\" class=\"swiper-slide-image\" src=\"https:\/\/petit-a-petit.nl\/wp-content\/uploads\/2025\/05\/Arrangement-3-Belltent-4-ovn-def-768x432.jpg\" alt=\"Arrangement 3 Belltent 4 ovn def\" \/><\/figure><\/div><div class=\"swiper-slide\" role=\"group\" aria-roledescription=\"slide\" aria-label=\"4 sur 4\"><figure class=\"swiper-slide-inner\"><img decoding=\"async\" class=\"swiper-slide-image\" src=\"https:\/\/petit-a-petit.nl\/wp-content\/uploads\/2025\/05\/Arrangement-4-Pipowagen-4-ovn-def-768x432.jpg\" alt=\"Arrangement 4 Pipowagen 4 ovn def\" \/><\/figure><\/div>\t\t\t<\/div>\n\t\t\t\t\t\t\t\n\t\t\t\t\t\t\t\t\t<\/div>\n\t\t\t\t<\/div>\n\t\t\t\t<\/div>\n\t\t\t\t<\/div>\n\t\t\t\t\t<\/div>\n\t\t\t\t<\/div>\n\t\t\t\t<\/div>","protected":false},"excerpt":{"rendered":"<p>&#039;Vous avez d\u00fb \u00eatre ici&#039; D\u00e9couvrez pourquoi cet endroit en Bourgogne est si g\u00e9nial ! Diff\u00e9rent de d&#039;habitude : s\u00e9jour dans un roulotte tzigane ou dans une tente Bell. Ce s\u00e9jour restera longtemps dans votre m\u00e9moire.click &amp; scroll&#039;Un cadre magnifique, un accueil formidable&#039;L&#039;attention personnelle est num\u00e9ro un ici !click &amp; scroll&#039;Quel endroit id\u00e9al pour se d\u00e9tendre&#039;Un [\u2026]<\/p>","protected":false},"author":2,"featured_media":0,"parent":0,"menu_order":0,"comment_status":"closed","ping_status":"closed","template":"","meta":{"footnotes":""},"class_list":["post-2803","page","type-page","status-publish","hentry"],"_links":{"self":[{"href":"https:\/\/petit-a-petit.nl\/fr\/wp-json\/wp\/v2\/pages\/2803","targetHints":{"allow":["GET"]}}],"collection":[{"href":"https:\/\/petit-a-petit.nl\/fr\/wp-json\/wp\/v2\/pages"}],"about":[{"href":"https:\/\/petit-a-petit.nl\/fr\/wp-json\/wp\/v2\/types\/page"}],"author":[{"embeddable":true,"href":"https:\/\/petit-a-petit.nl\/fr\/wp-json\/wp\/v2\/users\/2"}],"replies":[{"embeddable":true,"href":"https:\/\/petit-a-petit.nl\/fr\/wp-json\/wp\/v2\/comments?post=2803"}],"version-history":[{"count":25,"href":"https:\/\/petit-a-petit.nl\/fr\/wp-json\/wp\/v2\/pages\/2803\/revisions"}],"predecessor-version":[{"id":2843,"href":"https:\/\/petit-a-petit.nl\/fr\/wp-json\/wp\/v2\/pages\/2803\/revisions\/2843"}],"wp:attachment":[{"href":"https:\/\/petit-a-petit.nl\/fr\/wp-json\/wp\/v2\/media?parent=2803"}],"curies":[{"name":"wp","href":"https:\/\/api.w.org\/{rel}","templated":true}]}}